{"id":25151,"date":"2024-02-21T00:44:29","date_gmt":"2024-02-21T00:44:29","guid":{"rendered":"https:\/\/kvcexclusive.com\/?page_id=25151"},"modified":"2024-07-08T17:04:45","modified_gmt":"2024-07-08T17:04:45","slug":"faqs","status":"publish","type":"page","link":"https:\/\/kvcexclusive.com\/faqs\/","title":{"rendered":"FAQ&#8217;s"},"content":{"rendered":"<section class=\"l-section wpb_row height_large full_height valign_center with_img\"><div class=\"l-section-img\" role=\"img\" data-img-width=\"\" data-img-height=\"\" style=\"background-image: url(https:\/\/kvcexclusive.com\/wp-content\/uploads\/2024\/07\/BLOG-BACK-1.svg);background-position: top center;\"><\/div><div class=\"l-section-h i-cf\"><div class=\"g-cols vc_row via_grid cols_1-2 laptops-cols_inherit tablets-cols_1 mobiles-cols_1 valign_top type_default stacking_default\" style=\"--gap:4rem;\"><div class=\"wpb_column vc_column_container type_sticky\"><div class=\"vc_column-inner\"><h2 class=\"w-text us_custom_064d3121\"><span class=\"w-text-h\"><span class=\"w-text-value\">FAQ&#8217;s:<\/span><\/span><\/h2><\/div><\/div><div class=\"wpb_column vc_column_container\"><div class=\"vc_column-inner\"><div class=\"w-tabs style_default switch_click accordion has_scrolling\" style=\"--sections-title-size:1.2rem\"><div class=\"w-tabs-sections titles-align_none icon_plus cpos_right\"><div class=\"w-tabs-section has_text_color\" id=\"v728\"><button class=\"w-tabs-section-header\" aria-controls=\"content-v728\" aria-expanded=\"false\"><div class=\"w-tabs-section-title\">Does KVC Exclusive belong to the same brand or company where I purchased my Vacation Club?<\/div><div class=\"w-tabs-section-control\"><\/div><\/button><div  class=\"w-tabs-section-content us_custom_6df4bc3a\" id=\"content-v728\"><div class=\"w-tabs-section-content-h i-cf\"><div class=\"wpb_text_column\"><div class=\"wpb_wrapper\"><p>No, although we work as a team with them, Krystal Vacation Club Exclusive (KVC Exclusive) is independent, as it is a special program within our hotels, residences and suites that will allow you to have a more complete experience with:<\/p>\n<ul>\n<li>Direct reservations through our website <a href=\"https:\/\/www.kvcexclusive.com\/eng\">www.kvcexclusive.com<\/a><\/li>\n<li>Personal e-mailing communication program<\/li>\n<li>Exclusive benefits.<\/li>\n<\/ul>\n<p>If you have any questions of dates, rates, payments or any other topic related to your contract, you must consult with the company from which you purchased your Vacation Club.<\/p>\n<\/div><\/div><\/div><\/div><\/div><div class=\"w-tabs-section has_text_color\" id=\"l80e\"><button class=\"w-tabs-section-header\" aria-controls=\"content-l80e\" aria-expanded=\"false\"><div class=\"w-tabs-section-title\">Where can I make my reservations with the direct benefit of 25% discount?<\/div><div class=\"w-tabs-section-control\"><\/div><\/button><div  class=\"w-tabs-section-content us_custom_6df4bc3a\" id=\"content-l80e\"><div class=\"w-tabs-section-content-h i-cf\"><div class=\"wpb_text_column\"><div class=\"wpb_wrapper\"><p>On our website: <a href=\"https:\/\/www.kvcexclusive.com\/eng\">www.kvcexclusive.com<\/a><\/p>\n<p>If you have any problem with our website, you can contact our reservation center:<\/p>\n<p>+52 55 5261 4555<\/p>\n<\/div><\/div><\/div><\/div><\/div><\/div><\/div><div class=\"w-tabs us_custom_0259209c has_text_color style_default switch_click accordion has_scrolling\" style=\"--sections-title-size:1.2rem\"><div class=\"w-tabs-sections titles-align_none icon_plus cpos_right\"><div class=\"w-tabs-section has_text_color\" id=\"gcc2\"><button class=\"w-tabs-section-header\" aria-controls=\"content-gcc2\" aria-expanded=\"false\"><div class=\"w-tabs-section-title\">Does the 25% discount benefit apply with other promotions?<\/div><div class=\"w-tabs-section-control\"><\/div><\/button><div  class=\"w-tabs-section-content us_custom_6df4bc3a\" id=\"content-gcc2\"><div class=\"w-tabs-section-content-h i-cf\"><div class=\"wpb_text_column\"><div class=\"wpb_wrapper\"><p>The 25% discount is applicable to the lowest published rate on our website and cannot be combined with Krystal Rewards discounts.<\/p>\n<\/div><\/div><\/div><\/div><\/div><div class=\"w-tabs-section has_text_color\" id=\"cd5a\"><button class=\"w-tabs-section-header\" aria-controls=\"content-cd5a\" aria-expanded=\"false\"><div class=\"w-tabs-section-title\">What happens if I have any questions or want to make a change to my reservation?<\/div><div class=\"w-tabs-section-control\"><\/div><\/button><div  class=\"w-tabs-section-content us_custom_6df4bc3a\" id=\"content-cd5a\"><div class=\"w-tabs-section-content-h i-cf\"><div class=\"wpb_text_column\"><div class=\"wpb_wrapper\"><p>You can contact our reservation center: +52 55 5261 4555<\/p>\n<\/div><\/div><\/div><\/div><\/div><div class=\"w-tabs-section has_text_color\" id=\"xdfc\"><button class=\"w-tabs-section-header\" aria-controls=\"content-xdfc\" aria-expanded=\"false\"><div class=\"w-tabs-section-title\">If I have doubts about my contract, can I contact KVC Exclusive?<\/div><div class=\"w-tabs-section-control\"><\/div><\/button><div  class=\"w-tabs-section-content us_custom_6df4bc3a\" id=\"content-xdfc\"><div class=\"w-tabs-section-content-h i-cf\"><div class=\"wpb_text_column\"><div class=\"wpb_wrapper\"><p>If you have any questions of dates, rates, payments or any other topic related to your contract, you must consult with the company from which you purchased your Vacation Club.<\/p>\n<\/div><\/div><\/div><\/div><\/div><div class=\"w-tabs-section has_text_color\" id=\"uee5\"><button class=\"w-tabs-section-header\" aria-controls=\"content-uee5\" aria-expanded=\"false\"><div class=\"w-tabs-section-title\">Are the benefits the same in all hotels?<\/div><div class=\"w-tabs-section-control\"><\/div><\/button><div  class=\"w-tabs-section-content us_custom_6df4bc3a\" id=\"content-uee5\"><div class=\"w-tabs-section-content-h i-cf\"><div class=\"wpb_text_column\"><div class=\"wpb_wrapper\"><p>No, to know a detail of what each of our hotels, residences, and suites can offer you, we invite you to consult the <strong><a href=\"https:\/\/kvcexclusive.com\/en\/#benefits\">\u00abBenefits\u00bb<\/a><\/strong> section since the benefits are subject to the facilities, amenities and scope of each of the hotels. Get to know each of our hotels in the <strong><a href=\"https:\/\/kvcexclusive.com\/en\/#our-destinations\">\u00abOur Destinations\u00bb<\/a><\/strong> section.<\/p>\n<\/div><\/div><\/div><\/div><\/div><\/div><\/div><div class=\"w-tabs us_custom_0259209c has_text_color style_default switch_click accordion has_scrolling\" style=\"--sections-title-size:1.2rem\"><div class=\"w-tabs-sections titles-align_none icon_plus cpos_right\"><div class=\"w-tabs-section has_text_color\" id=\"f53e\"><button class=\"w-tabs-section-header\" aria-controls=\"content-f53e\" aria-expanded=\"false\"><div class=\"w-tabs-section-title\">Where can I apply the benefits of belonging to Krystal Vacation Club Exclusive?<\/div><div class=\"w-tabs-section-control\"><\/div><\/button><div  class=\"w-tabs-section-content us_custom_6df4bc3a\" id=\"content-f53e\"><div class=\"w-tabs-section-content-h i-cf\"><div class=\"wpb_text_column\"><div class=\"wpb_wrapper\"><p>You can apply your benefits in the following hotels, residences, and suites:<\/p>\n<p><strong>San Miguel de Allende<br \/><\/strong><b>\u2022 <\/b>KRYSTAL GRAND\u00ae RESIDENCES &amp; VILLAS SAN MIGUEL DE ALLENDE<\/p>\n<p><strong>Canc\u00fan<br \/><\/strong><b>\u2022 <\/b>HOTEL KRYSTAL GRAND\u00ae CANC\u00daN<br \/><b>\u2022 <\/b>HOTEL KRYSTAL\u00ae CANC\u00daN<br \/><b>\u2022 <\/b>HOTEL KRYSTAL URBAN\u00ae CANC\u00daN &amp; BEACH CLUB<\/p>\n<p><strong>Los Cabos<br \/><\/strong><b>\u2022 <\/b>HOTEL KRYSTAL GRAND\u00ae LOS CABOS<\/p>\n<p><strong>Ixtapa<br \/><\/strong><b>\u2022 <\/b>HOTEL KRYSTAL\u00ae IXTAPA<\/p>\n<p><strong>Acapulco<br \/><\/strong><b>\u2022 <\/b>KRYSTAL\u00ae BEACH ACAPULCO<\/p>\n<p><strong>Puerto Vallarta<br \/><b>\u2022 <\/b><\/strong>HOTEL KRYSTAL GRAND\u00ae PUERTO VALLARTA<br \/><b>\u2022 <\/b>HOTEL KRYSTAL\u00ae PUERTO VALLARTA<\/p>\n<p><strong>Nuevo Vallarta<br \/><\/strong><strong><b>\u2022<\/b><\/strong>HOTEL KRYSTAL GRAND\u00ae NUEVO VALLARTA<\/p>\n<p><strong>Ciudad de M\u00e9xico<br \/><\/strong><b>\u2022 <\/b>KRYSTAL GRAND\u00ae SUITES INSURGENTES<br \/><b>\u2022 <\/b>HOTEL KRYSTAL\u00ae SAT\u00c9LITE MAR\u00cdA B\u00c1RBARA<br \/><b>\u2022 <\/b>HOTEL KRYSTAL URBAN\u00ae AEROPUERTO<\/p>\n<p><strong>Monterrey<br \/><\/strong><b>\u2022 <\/b>HOTEL KRYSTAL\u00ae MONTERREY<br \/><b>\u2022 <\/b>HOTEL KRYSTAL\u00a0URBAN\u00ae MONTERREY SAN JER\u00d3NIMO<\/p>\n<p><strong>Ciudad Ju\u00e1rez<br \/><b>\u2022 <\/b><\/strong>HOTEL KRYSTAL URBAN\u00ae CIUDAD JU\u00c1REZ<\/p>\n<p><strong>Guadalajara<br \/><\/strong><b>\u2022 <\/b>HOTEL KRYSTAL URBAN\u00ae GUADALAJARA<\/p>\n<p>At the following hotels, you can only enjoy the 25% discount benefit. Check in your contract for the hotels you can stay in:<\/p>\n<p><b>\u2022 <\/b>HYATT REGENCY\u00ae\u00a0MEXICO CITY INSURGENTES<br \/><b>\u2022 <\/b>HYATT CENTRIC\u00ae CAMPESTRE LEON<br \/><b>\u2022 <\/b>HYATT PLACE\u00ae AGUASCALIENTES BONATERRA<br \/><b>\u2022 <\/b>HILTON GARDEN INN\u00ae MONTERREY AEROPUERTO<br \/><b>\u2022 <\/b>HAMPTON INN\u00ae PARA\u00cdSO TABASCO<br \/><b>\u2022 <\/b>IBIS\u00ae\u00a0IRAPUATO<br \/><b>\u2022 <\/b>MAHEKAL\u00ae BEACH RESORT<\/p>\n<\/div><\/div><\/div><\/div><\/div><\/div><\/div><\/div><\/div><\/div><\/div><\/section><section class=\"l-section wpb_row height_auto with_img\"><div class=\"l-section-img\" role=\"img\" data-img-width=\"\" data-img-height=\"\" style=\"background-image: url(https:\/\/kvcexclusive.com\/wp-content\/uploads\/2024\/07\/ADS-BACK-\u2013-2-3.svg);\"><\/div><div class=\"l-section-h i-cf\"><div class=\"g-cols vc_row via_grid cols_1 laptops-cols_inherit tablets-cols_inherit mobiles-cols_1 valign_top type_default stacking_default\"><div class=\"wpb_column vc_column_container\"><div class=\"vc_column-inner\"><div class=\"w-separator size_medium\"><\/div><div class=\"wpb_text_column us_custom_afb48049 has_text_color\"><div class=\"wpb_wrapper\"><h2><strong>Exclusive Travel Tips<\/strong><\/h2>\n<\/div><\/div><div class=\"wpb_text_column us_custom_f1665770 has_text_color\"><div class=\"wpb_wrapper\"><p><strong>Welcome to our Exclusive Members blog!<\/strong><br \/>\nIn this section, you can enjoy tips, information and news to make your next trip a much more complete experience.<\/p>\n<\/div><\/div><div class=\"w-separator size_medium\"><\/div><div class=\"w-grid type_masonry layout_24944 cols_3 with_isotope with_css_animation ratio_1x1\" id=\"us_grid_1\" style=\"--gap:10px;\" data-filterable=\"true\"><style>@media (max-width:1024px){#us_grid_1 .w-grid-item{width:50%}#us_grid_1 .w-grid-item.size_2x1,#us_grid_1 .w-grid-item.size_2x2{width:100%}}@media (max-width:462px){#us_grid_1 .w-grid-item{width:50%}#us_grid_1 .w-grid-item.size_2x1,#us_grid_1 .w-grid-item.size_2x2{width:100%}}#us_grid_1 .w-grid-item-h:before{padding-bottom:100%}.layout_24944 .w-grid-item-h:before{padding-bottom:100%}@media (min-width:463px){.layout_24944 .w-grid-item.size_1x2 .w-grid-item-h:before{padding-bottom:calc(200% + var(--gap,0px) * 2)}.layout_24944 .w-grid-item.size_2x1 .w-grid-item-h:before{padding-bottom:calc(50% - var(--gap,0px) * 1)}.layout_24944 .w-grid-item.size_2x2 .w-grid-item-h:before{padding-bottom:calc(100% - var(--gap,0px) * 0)}}.layout_24944 .w-grid-item-h{background:#333;border-radius:0.3rem;box-shadow:0 0.03rem 0.06rem rgba(0,0,0,0.1),0 0.1rem 0.3rem rgba(0,0,0,0.1);transition-duration:0.3s}.no-touch .layout_24944 .w-grid-item-h:hover{box-shadow:0 0.12rem 0.24rem rgba(0,0,0,0.1),0 0.4rem 1.2rem rgba(0,0,0,0.15);z-index:4}.layout_24944 .usg_post_image_1{transition-duration:0.3s;transform-origin:50% 50%;transform:scale(1) translate(0%,0%)}.layout_24944 .w-grid-item-h:hover .usg_post_image_1{transform:scale(1.1) translate(0%,0%);opacity:1}.layout_24944 .usg_vwrapper_1{position:absolute!important;right:0!important;bottom:0!important;left:0!important;background:linear-gradient(transparent,rgba(30,30,30,0.8))!important;padding:15% 7% 7% 7%!important}.layout_24944 .usg_post_title_1{color:#ffffff!important;font-size:20px!important;font-weight:600!important}@media (min-width:1025px) and (max-width:1380px){.layout_24944 .usg_post_title_1{color:#ffffff!important;font-size:20px!important;font-weight:700!important}}@media (min-width:601px) and (max-width:1024px){.layout_24944 .usg_post_title_1{color:#ffffff!important;font-size:10px!important;font-weight:700!important}}@media (max-width:600px){.layout_24944 .usg_post_title_1{font-size:1.2rem!important}}<\/style><div class=\"w-grid-list\">\t<article class=\"w-grid-item us_animate_afb off_autostart size_1x1 post-26736 post type-post status-publish format-standard has-post-thumbnail hentry category-ingles tag-kvca\" data-id=\"26736\" style=\"animation-delay:0s\">\r\n\t\t<div class=\"w-grid-item-h\">\r\n\t\t\t\t\t\t<div class=\"w-post-elm post_image usg_post_image_1 stretched\"><a href=\"https:\/\/kvcexclusive.com\/new-years-resolutions-travel-travel-travel\/\" aria-label=\"New year\u00b4s goals: travel, travel, travel!\"><img loading=\"lazy\" decoding=\"async\" width=\"300\" height=\"300\" src=\"https:\/\/kvcexclusive.com\/wp-content\/uploads\/2024\/11\/portadaMesa-de-trabajo-3@300x-100-300x300.jpg\" class=\"attachment-woocommerce_thumbnail size-woocommerce_thumbnail wp-post-image\" alt=\"\" srcset=\"https:\/\/kvcexclusive.com\/wp-content\/uploads\/2024\/11\/portadaMesa-de-trabajo-3@300x-100-300x300.jpg 300w, https:\/\/kvcexclusive.com\/wp-content\/uploads\/2024\/11\/portadaMesa-de-trabajo-3@300x-100-150x150.jpg 150w, https:\/\/kvcexclusive.com\/wp-content\/uploads\/2024\/11\/portadaMesa-de-trabajo-3@300x-100-600x600.jpg 600w\" sizes=\"auto, (max-width: 300px) 100vw, 300px\" \/><\/a><\/div><div class=\"w-vwrapper usg_vwrapper_1 align_none valign_top\"><h4 class=\"w-post-elm post_title usg_post_title_1 has_text_color entry-title color_link_inherit\"><a href=\"https:\/\/kvcexclusive.com\/new-years-resolutions-travel-travel-travel\/\">New year\u00b4s goals: travel, travel, travel!<\/a><\/h4><\/div>\t\t<\/div>\r\n\t<\/article>\r\n\t<article class=\"w-grid-item us_animate_afb off_autostart size_1x1 post-26668 post type-post status-publish format-standard has-post-thumbnail hentry category-ingles tag-kvca\" data-id=\"26668\" style=\"animation-delay:0.1s\">\r\n\t\t<div class=\"w-grid-item-h\">\r\n\t\t\t\t\t\t<div class=\"w-post-elm post_image usg_post_image_1 stretched\"><a href=\"https:\/\/kvcexclusive.com\/guadalajara-tequila-history-mariachis-and-fun\/\" aria-label=\"Guadalajara: tequila, history, mariachis and fun\"><img loading=\"lazy\" decoding=\"async\" width=\"300\" height=\"300\" src=\"https:\/\/kvcexclusive.com\/wp-content\/uploads\/2024\/09\/Captura-de-pantalla-2024-09-23-a-las-4.03.16\u202fp.m-300x300.png\" class=\"attachment-woocommerce_thumbnail size-woocommerce_thumbnail wp-post-image\" alt=\"\" srcset=\"https:\/\/kvcexclusive.com\/wp-content\/uploads\/2024\/09\/Captura-de-pantalla-2024-09-23-a-las-4.03.16\u202fp.m-300x300.png 300w, https:\/\/kvcexclusive.com\/wp-content\/uploads\/2024\/09\/Captura-de-pantalla-2024-09-23-a-las-4.03.16\u202fp.m-150x150.png 150w, https:\/\/kvcexclusive.com\/wp-content\/uploads\/2024\/09\/Captura-de-pantalla-2024-09-23-a-las-4.03.16\u202fp.m-600x600.png 600w\" sizes=\"auto, (max-width: 300px) 100vw, 300px\" \/><\/a><\/div><div class=\"w-vwrapper usg_vwrapper_1 align_none valign_top\"><h4 class=\"w-post-elm post_title usg_post_title_1 has_text_color entry-title color_link_inherit\"><a href=\"https:\/\/kvcexclusive.com\/guadalajara-tequila-history-mariachis-and-fun\/\">Guadalajara: tequila, history, mariachis and fun<\/a><\/h4><\/div>\t\t<\/div>\r\n\t<\/article>\r\n\t<article class=\"w-grid-item us_animate_afb off_autostart size_1x1 post-26650 post type-post status-publish format-standard has-post-thumbnail hentry category-ingles tag-kvca\" data-id=\"26650\" style=\"animation-delay:0.2s\">\r\n\t\t<div class=\"w-grid-item-h\">\r\n\t\t\t\t\t\t<div class=\"w-post-elm post_image usg_post_image_1 stretched\"><a href=\"https:\/\/kvcexclusive.com\/acapulco-a-destination-for-everyone\/\" aria-label=\"Acapulco: a destination for everyone\"><img loading=\"lazy\" decoding=\"async\" width=\"300\" height=\"300\" src=\"https:\/\/kvcexclusive.com\/wp-content\/uploads\/2024\/09\/Captura-de-pantalla-2024-09-18-a-las-11.26.22\u202fa.m-300x300.png\" class=\"attachment-woocommerce_thumbnail size-woocommerce_thumbnail wp-post-image\" alt=\"\" srcset=\"https:\/\/kvcexclusive.com\/wp-content\/uploads\/2024\/09\/Captura-de-pantalla-2024-09-18-a-las-11.26.22\u202fa.m-300x300.png 300w, https:\/\/kvcexclusive.com\/wp-content\/uploads\/2024\/09\/Captura-de-pantalla-2024-09-18-a-las-11.26.22\u202fa.m-150x150.png 150w, https:\/\/kvcexclusive.com\/wp-content\/uploads\/2024\/09\/Captura-de-pantalla-2024-09-18-a-las-11.26.22\u202fa.m-600x600.png 600w\" sizes=\"auto, (max-width: 300px) 100vw, 300px\" \/><\/a><\/div><div class=\"w-vwrapper usg_vwrapper_1 align_none valign_top\"><h4 class=\"w-post-elm post_title usg_post_title_1 has_text_color entry-title color_link_inherit\"><a href=\"https:\/\/kvcexclusive.com\/acapulco-a-destination-for-everyone\/\">Acapulco: a destination for everyone<\/a><\/h4><\/div>\t\t<\/div>\r\n\t<\/article>\r\n<\/div><div class=\"w-grid-preloader\">\t<div class=\"g-preloader type_1\">\r\n\t\t<div><\/div>\r\n\t<\/div>\r\n\t<\/div>\t<div class=\"w-grid-json hidden\" onclick='return {&quot;action&quot;:&quot;us_ajax_grid&quot;,&quot;ajax_url&quot;:&quot;https:\\\/\\\/kvcexclusive.com\\\/wp-admin\\\/admin-ajax.php&quot;,&quot;infinite_scroll&quot;:0,&quot;max_num_pages&quot;:3,&quot;pagination&quot;:&quot;none&quot;,&quot;template_vars&quot;:{&quot;columns&quot;:&quot;3&quot;,&quot;exclude_items&quot;:&quot;none&quot;,&quot;img_size&quot;:&quot;woocommerce_thumbnail&quot;,&quot;ignore_items_size&quot;:0,&quot;items_layout&quot;:&quot;24944&quot;,&quot;items_offset&quot;:&quot;1&quot;,&quot;load_animation&quot;:&quot;afb&quot;,&quot;overriding_link&quot;:&quot;{\\&quot;url\\&quot;:\\&quot;\\&quot;}&quot;,&quot;post_id&quot;:0,&quot;query_args&quot;:{&quot;post_type&quot;:[&quot;post&quot;],&quot;tax_query&quot;:[{&quot;taxonomy&quot;:&quot;category&quot;,&quot;field&quot;:&quot;slug&quot;,&quot;terms&quot;:[&quot;ingles&quot;]}],&quot;post_status&quot;:[&quot;publish&quot;],&quot;posts_per_page&quot;:&quot;3&quot;},&quot;orderby_query_args&quot;:{&quot;orderby&quot;:{&quot;date&quot;:&quot;DESC&quot;}},&quot;type&quot;:&quot;masonry&quot;,&quot;us_grid_ajax_index&quot;:1,&quot;us_grid_filter_params&quot;:[],&quot;us_grid_index&quot;:1,&quot;_us_grid_post_type&quot;:&quot;post&quot;,&quot;page_args&quot;:[]}}'><\/div>\r\n\t<\/div><div class=\"w-separator size_medium\"><\/div><\/div><\/div><\/div><\/div><\/section>\n","protected":false},"excerpt":{"rendered":"","protected":false},"author":2,"featured_media":24709,"parent":0,"menu_order":0,"comment_status":"closed","ping_status":"closed","template":"","meta":{"_coblocks_attr":"","_coblocks_dimensions":"","_coblocks_responsive_height":"","_coblocks_accordion_ie_support":"","footnotes":""},"class_list":["post-25151","page","type-page","status-publish","has-post-thumbnail","hentry"],"_links":{"self":[{"href":"https:\/\/kvcexclusive.com\/wp-json\/wp\/v2\/pages\/25151","targetHints":{"allow":["GET"]}}],"collection":[{"href":"https:\/\/kvcexclusive.com\/wp-json\/wp\/v2\/pages"}],"about":[{"href":"https:\/\/kvcexclusive.com\/wp-json\/wp\/v2\/types\/page"}],"author":[{"embeddable":true,"href":"https:\/\/kvcexclusive.com\/wp-json\/wp\/v2\/users\/2"}],"replies":[{"embeddable":true,"href":"https:\/\/kvcexclusive.com\/wp-json\/wp\/v2\/comments?post=25151"}],"version-history":[{"count":24,"href":"https:\/\/kvcexclusive.com\/wp-json\/wp\/v2\/pages\/25151\/revisions"}],"predecessor-version":[{"id":26212,"href":"https:\/\/kvcexclusive.com\/wp-json\/wp\/v2\/pages\/25151\/revisions\/26212"}],"wp:featuredmedia":[{"embeddable":true,"href":"https:\/\/kvcexclusive.com\/wp-json\/wp\/v2\/media\/24709"}],"wp:attachment":[{"href":"https:\/\/kvcexclusive.com\/wp-json\/wp\/v2\/media?parent=25151"}],"curies":[{"name":"wp","href":"https:\/\/api.w.org\/{rel}","templated":true}]}}